{"id":22482,"date":"2025-11-12T15:42:00","date_gmt":"2025-11-12T15:42:00","guid":{"rendered":"https:\/\/sre.net.sa\/?post_type=product&#038;p=22482"},"modified":"2025-11-12T15:42:00","modified_gmt":"2025-11-12T15:42:00","slug":"tuya-smart-screen-4-inch-alexa-built-in","status":"publish","type":"product","link":"https:\/\/sre.net.sa\/ar\/product\/tuya-smart-screen-4-inch-alexa-built-in\/","title":{"rendered":"Tuya Smart Screen 4-inch Alexa Built-in"},"content":{"rendered":"<p>1.\u2060 \u2060With built-in Alexa voice control, user can control the home device via alexa voice directly,no ned to buy an extra Amazon echo dot<br \/>\n2.\u2060 \u2060100 + Zigbee sub-devices can b e aded in.<br \/>\n3.\u2060 \u2060Zigbee &amp; Bluetooth Gateway, support zigbe, Wi-Fi and Bluetoth three networks.<br \/>\n4.\u2060 \u2060Supports the local scenario mode, and the scenario is still executed when the router is disconected.<br \/>\n5.\u2060 \u2060More compatible, compatible with 90% of tuya smart products on t h e market.<br \/>\n6.\u2060 \u2060Support intercom betwen multiple 4-inch TlE touch screens.<br \/>\n7.\u2060 \u2060Suport multiple downlights to establish a group, and centrally adjust the brightnes and color temperature of this group.<br \/>\n8.Languages:Chinese,English,Espa\u00f1ol, Fran\u00e7ais, Arabic(JEj\u00f6),Deutsch, Portugu\u00eas, Italiano, E 7 01,Japanese: Hindi, Greek,Polski, Hungarian,<br \/>\nCestina, Slovencina, Hebrew.<\/p>","protected":false},"excerpt":{"rendered":"<p>Tuya Smart Screen 4-inch Alexa Built-in<\/p>\n<p>4-inch control panel supports voice control via Alexa for all home appliances and more<\/p>","protected":false},"featured_media":22483,"comment_status":"closed","ping_status":"closed","template":"","meta":[],"product_cat":[84],"product_tag":[],"class_list":{"0":"post-22482","1":"product","2":"type-product","3":"status-publish","4":"has-post-thumbnail","6":"product_cat-smart-screen","8":"first","9":"instock","10":"shipping-taxable","11":"purchasable","12":"product-type-variable"},"yoast_head":"<!-- This site is optimized with the Yoast SEO plugin v25.9 - https:\/\/yoast.com\/wordpress\/plugins\/seo\/ -->\n<title>Tuya Smart Screen 4-inch Alexa Built-in | SRE<\/title>\n<meta name=\"robots\" content=\"index, follow, max-snippet:-1, max-image-preview:large, max-video-preview:-1\" \/>\n<link rel=\"canonical\" href=\"https:\/\/sre.net.sa\/ar\/product\/tuya-smart-screen-4-inch-alexa-built-in\/\" \/>\n<meta property=\"og:locale\" content=\"ar_AR\" \/>\n<meta property=\"og:type\" content=\"article\" \/>\n<meta property=\"og:title\" content=\"Tuya Smart Screen 4-inch Alexa Built-in | SRE\" \/>\n<meta property=\"og:description\" content=\"Tuya Smart Screen 4-inch Alexa Built-in  4-inch control panel supports voice control via Alexa for all home appliances and more\" \/>\n<meta property=\"og:url\" content=\"https:\/\/sre.net.sa\/ar\/product\/tuya-smart-screen-4-inch-alexa-built-in\/\" \/>\n<meta property=\"og:site_name\" content=\"SRE\" \/>\n<meta property=\"og:image\" content=\"https:\/\/sre.net.sa\/wp-content\/uploads\/2025\/11\/\u0634\u0627\u0634\u0647-\u062a\u062d\u0643\u0645-\u062a\u0648\u064a\u0627-\u0664-\u0627\u0646\u0634-\u0627\u0644\u064a\u0643\u0633\u0627.png\" \/>\n\t<meta property=\"og:image:width\" content=\"584\" \/>\n\t<meta property=\"og:image:height\" content=\"612\" \/>\n\t<meta property=\"og:image:type\" content=\"image\/png\" \/>\n<meta name=\"twitter:card\" content=\"summary_large_image\" \/>\n<meta name=\"twitter:label1\" content=\"\u0648\u0642\u062a \u0627\u0644\u0642\u0631\u0627\u0621\u0629 \u0627\u0644\u0645\u064f\u0642\u062f\u0651\u0631\" \/>\n\t<meta name=\"twitter:data1\" content=\"\u062f\u0642\u064a\u0642\u0629 \u0648\u0627\u062d\u062f\u0629\" \/>\n<script type=\"application\/ld+json\" class=\"yoast-schema-graph\">{\"@context\":\"https:\/\/schema.org\",\"@graph\":[{\"@type\":\"WebPage\",\"@id\":\"https:\/\/sre.net.sa\/product\/tuya-smart-screen-4-inch-alexa-built-in\/\",\"url\":\"https:\/\/sre.net.sa\/product\/tuya-smart-screen-4-inch-alexa-built-in\/\",\"name\":\"Tuya Smart Screen 4-inch Alexa Built-in | SRE\",\"isPartOf\":{\"@id\":\"https:\/\/sre.net.sa\/#website\"},\"primaryImageOfPage\":{\"@id\":\"https:\/\/sre.net.sa\/product\/tuya-smart-screen-4-inch-alexa-built-in\/#primaryimage\"},\"image\":{\"@id\":\"https:\/\/sre.net.sa\/product\/tuya-smart-screen-4-inch-alexa-built-in\/#primaryimage\"},\"thumbnailUrl\":\"https:\/\/sre.net.sa\/wp-content\/uploads\/2025\/11\/\u0634\u0627\u0634\u0647-\u062a\u062d\u0643\u0645-\u062a\u0648\u064a\u0627-\u0664-\u0627\u0646\u0634-\u0627\u0644\u064a\u0643\u0633\u0627.png\",\"datePublished\":\"2025-11-12T15:42:00+00:00\",\"breadcrumb\":{\"@id\":\"https:\/\/sre.net.sa\/product\/tuya-smart-screen-4-inch-alexa-built-in\/#breadcrumb\"},\"inLanguage\":\"ar\",\"potentialAction\":[{\"@type\":\"ReadAction\",\"target\":[\"https:\/\/sre.net.sa\/product\/tuya-smart-screen-4-inch-alexa-built-in\/\"]}]},{\"@type\":\"ImageObject\",\"inLanguage\":\"ar\",\"@id\":\"https:\/\/sre.net.sa\/product\/tuya-smart-screen-4-inch-alexa-built-in\/#primaryimage\",\"url\":\"https:\/\/sre.net.sa\/wp-content\/uploads\/2025\/11\/\u0634\u0627\u0634\u0647-\u062a\u062d\u0643\u0645-\u062a\u0648\u064a\u0627-\u0664-\u0627\u0646\u0634-\u0627\u0644\u064a\u0643\u0633\u0627.png\",\"contentUrl\":\"https:\/\/sre.net.sa\/wp-content\/uploads\/2025\/11\/\u0634\u0627\u0634\u0647-\u062a\u062d\u0643\u0645-\u062a\u0648\u064a\u0627-\u0664-\u0627\u0646\u0634-\u0627\u0644\u064a\u0643\u0633\u0627.png\",\"width\":584,\"height\":612},{\"@type\":\"BreadcrumbList\",\"@id\":\"https:\/\/sre.net.sa\/product\/tuya-smart-screen-4-inch-alexa-built-in\/#breadcrumb\",\"itemListElement\":[{\"@type\":\"ListItem\",\"position\":1,\"name\":\"Home\",\"item\":\"https:\/\/sre.net.sa\/\"},{\"@type\":\"ListItem\",\"position\":2,\"name\":\"Shop\",\"item\":\"https:\/\/sre.net.sa\/shop\/\"},{\"@type\":\"ListItem\",\"position\":3,\"name\":\"Tuya Smart Screen 4-inch Alexa Built-in\"}]},{\"@type\":\"WebSite\",\"@id\":\"https:\/\/sre.net.sa\/#website\",\"url\":\"https:\/\/sre.net.sa\/\",\"name\":\"SRE - Smart Real Estate\",\"description\":\"Next Generation Home Technologies\",\"publisher\":{\"@id\":\"https:\/\/sre.net.sa\/#organization\"},\"potentialAction\":[{\"@type\":\"SearchAction\",\"target\":{\"@type\":\"EntryPoint\",\"urlTemplate\":\"https:\/\/sre.net.sa\/?s={search_term_string}\"},\"query-input\":{\"@type\":\"PropertyValueSpecification\",\"valueRequired\":true,\"valueName\":\"search_term_string\"}}],\"inLanguage\":\"ar\"},{\"@type\":\"Organization\",\"@id\":\"https:\/\/sre.net.sa\/#organization\",\"name\":\"SRE - Smart Real Estate\",\"url\":\"https:\/\/sre.net.sa\/\",\"logo\":{\"@type\":\"ImageObject\",\"inLanguage\":\"ar\",\"@id\":\"https:\/\/sre.net.sa\/#\/schema\/logo\/image\/\",\"url\":\"https:\/\/sre.net.sa\/wp-content\/uploads\/2024\/10\/Vector-Smart-Object.png\",\"contentUrl\":\"https:\/\/sre.net.sa\/wp-content\/uploads\/2024\/10\/Vector-Smart-Object.png\",\"width\":576,\"height\":75,\"caption\":\"SRE - Smart Real Estate\"},\"image\":{\"@id\":\"https:\/\/sre.net.sa\/#\/schema\/logo\/image\/\"}}]}<\/script>\n<!-- \/ Yoast SEO plugin. -->","yoast_head_json":{"title":"Tuya Smart Screen 4-inch Alexa Built-in | SRE","robots":{"index":"index","follow":"follow","max-snippet":"max-snippet:-1","max-image-preview":"max-image-preview:large","max-video-preview":"max-video-preview:-1"},"canonical":"https:\/\/sre.net.sa\/ar\/product\/tuya-smart-screen-4-inch-alexa-built-in\/","og_locale":"ar_AR","og_type":"article","og_title":"Tuya Smart Screen 4-inch Alexa Built-in | SRE","og_description":"Tuya Smart Screen 4-inch Alexa Built-in  4-inch control panel supports voice control via Alexa for all home appliances and more","og_url":"https:\/\/sre.net.sa\/ar\/product\/tuya-smart-screen-4-inch-alexa-built-in\/","og_site_name":"SRE","og_image":[{"width":584,"height":612,"url":"https:\/\/sre.net.sa\/wp-content\/uploads\/2025\/11\/\u0634\u0627\u0634\u0647-\u062a\u062d\u0643\u0645-\u062a\u0648\u064a\u0627-\u0664-\u0627\u0646\u0634-\u0627\u0644\u064a\u0643\u0633\u0627.png","type":"image\/png"}],"twitter_card":"summary_large_image","twitter_misc":{"\u0648\u0642\u062a \u0627\u0644\u0642\u0631\u0627\u0621\u0629 \u0627\u0644\u0645\u064f\u0642\u062f\u0651\u0631":"\u062f\u0642\u064a\u0642\u0629 \u0648\u0627\u062d\u062f\u0629"},"schema":{"@context":"https:\/\/schema.org","@graph":[{"@type":"WebPage","@id":"https:\/\/sre.net.sa\/product\/tuya-smart-screen-4-inch-alexa-built-in\/","url":"https:\/\/sre.net.sa\/product\/tuya-smart-screen-4-inch-alexa-built-in\/","name":"Tuya Smart Screen 4-inch Alexa Built-in | SRE","isPartOf":{"@id":"https:\/\/sre.net.sa\/#website"},"primaryImageOfPage":{"@id":"https:\/\/sre.net.sa\/product\/tuya-smart-screen-4-inch-alexa-built-in\/#primaryimage"},"image":{"@id":"https:\/\/sre.net.sa\/product\/tuya-smart-screen-4-inch-alexa-built-in\/#primaryimage"},"thumbnailUrl":"https:\/\/sre.net.sa\/wp-content\/uploads\/2025\/11\/\u0634\u0627\u0634\u0647-\u062a\u062d\u0643\u0645-\u062a\u0648\u064a\u0627-\u0664-\u0627\u0646\u0634-\u0627\u0644\u064a\u0643\u0633\u0627.png","datePublished":"2025-11-12T15:42:00+00:00","breadcrumb":{"@id":"https:\/\/sre.net.sa\/product\/tuya-smart-screen-4-inch-alexa-built-in\/#breadcrumb"},"inLanguage":"ar","potentialAction":[{"@type":"ReadAction","target":["https:\/\/sre.net.sa\/product\/tuya-smart-screen-4-inch-alexa-built-in\/"]}]},{"@type":"ImageObject","inLanguage":"ar","@id":"https:\/\/sre.net.sa\/product\/tuya-smart-screen-4-inch-alexa-built-in\/#primaryimage","url":"https:\/\/sre.net.sa\/wp-content\/uploads\/2025\/11\/\u0634\u0627\u0634\u0647-\u062a\u062d\u0643\u0645-\u062a\u0648\u064a\u0627-\u0664-\u0627\u0646\u0634-\u0627\u0644\u064a\u0643\u0633\u0627.png","contentUrl":"https:\/\/sre.net.sa\/wp-content\/uploads\/2025\/11\/\u0634\u0627\u0634\u0647-\u062a\u062d\u0643\u0645-\u062a\u0648\u064a\u0627-\u0664-\u0627\u0646\u0634-\u0627\u0644\u064a\u0643\u0633\u0627.png","width":584,"height":612},{"@type":"BreadcrumbList","@id":"https:\/\/sre.net.sa\/product\/tuya-smart-screen-4-inch-alexa-built-in\/#breadcrumb","itemListElement":[{"@type":"ListItem","position":1,"name":"Home","item":"https:\/\/sre.net.sa\/"},{"@type":"ListItem","position":2,"name":"Shop","item":"https:\/\/sre.net.sa\/shop\/"},{"@type":"ListItem","position":3,"name":"Tuya Smart Screen 4-inch Alexa Built-in"}]},{"@type":"WebSite","@id":"https:\/\/sre.net.sa\/#website","url":"https:\/\/sre.net.sa\/","name":"SRE - Smart Real Estate","description":"Next Generation Home Technologies","publisher":{"@id":"https:\/\/sre.net.sa\/#organization"},"potentialAction":[{"@type":"SearchAction","target":{"@type":"EntryPoint","urlTemplate":"https:\/\/sre.net.sa\/?s={search_term_string}"},"query-input":{"@type":"PropertyValueSpecification","valueRequired":true,"valueName":"search_term_string"}}],"inLanguage":"ar"},{"@type":"Organization","@id":"https:\/\/sre.net.sa\/#organization","name":"SRE - Smart Real Estate","url":"https:\/\/sre.net.sa\/","logo":{"@type":"ImageObject","inLanguage":"ar","@id":"https:\/\/sre.net.sa\/#\/schema\/logo\/image\/","url":"https:\/\/sre.net.sa\/wp-content\/uploads\/2024\/10\/Vector-Smart-Object.png","contentUrl":"https:\/\/sre.net.sa\/wp-content\/uploads\/2024\/10\/Vector-Smart-Object.png","width":576,"height":75,"caption":"SRE - Smart Real Estate"},"image":{"@id":"https:\/\/sre.net.sa\/#\/schema\/logo\/image\/"}}]}},"_links":{"self":[{"href":"https:\/\/sre.net.sa\/ar\/wp-json\/wp\/v2\/product\/22482","targetHints":{"allow":["GET"]}}],"collection":[{"href":"https:\/\/sre.net.sa\/ar\/wp-json\/wp\/v2\/product"}],"about":[{"href":"https:\/\/sre.net.sa\/ar\/wp-json\/wp\/v2\/types\/product"}],"replies":[{"embeddable":true,"href":"https:\/\/sre.net.sa\/ar\/wp-json\/wp\/v2\/comments?post=22482"}],"wp:featuredmedia":[{"embeddable":true,"href":"https:\/\/sre.net.sa\/ar\/wp-json\/wp\/v2\/media\/22483"}],"wp:attachment":[{"href":"https:\/\/sre.net.sa\/ar\/wp-json\/wp\/v2\/media?parent=22482"}],"wp:term":[{"taxonomy":"product_cat","embeddable":true,"href":"https:\/\/sre.net.sa\/ar\/wp-json\/wp\/v2\/product_cat?post=22482"},{"taxonomy":"product_tag","embeddable":true,"href":"https:\/\/sre.net.sa\/ar\/wp-json\/wp\/v2\/product_tag?post=22482"}],"curies":[{"name":"wp","href":"https:\/\/api.w.org\/{rel}","templated":true}]}}